{"id":51,"date":"2017-07-24T17:32:59","date_gmt":"2017-07-24T17:32:59","guid":{"rendered":"https:\/\/grivzas.lt\/produktai\/"},"modified":"2017-07-26T14:04:44","modified_gmt":"2017-07-26T14:04:44","slug":"produkty","status":"publish","type":"page","link":"https:\/\/grivzas.lt\/pl\/produkty\/","title":{"rendered":"Produkty"},"content":{"rendered":"<p>Dostarczone ceny gazu s\u0105 jednymi z najni\u017cszych na Litwie. Stali klienci elastyczny system zni\u017cek.<\/p>\n","protected":false},"excerpt":{"rendered":"<p> [&hellip;]<\/p>\n","protected":false},"author":1,"featured_media":0,"parent":0,"menu_order":0,"comment_status":"closed","ping_status":"closed","template":"page-prekes.php","meta":[],"_links":{"self":[{"href":"https:\/\/grivzas.lt\/pl\/wp-json\/wp\/v2\/pages\/51"}],"collection":[{"href":"https:\/\/grivzas.lt\/pl\/wp-json\/wp\/v2\/pages"}],"about":[{"href":"https:\/\/grivzas.lt\/pl\/wp-json\/wp\/v2\/types\/page"}],"author":[{"embeddable":true,"href":"https:\/\/grivzas.lt\/pl\/wp-json\/wp\/v2\/users\/1"}],"replies":[{"embeddable":true,"href":"https:\/\/grivzas.lt\/pl\/wp-json\/wp\/v2\/comments?post=51"}],"version-history":[{"count":1,"href":"https:\/\/grivzas.lt\/pl\/wp-json\/wp\/v2\/pages\/51\/revisions"}],"predecessor-version":[{"id":105,"href":"https:\/\/grivzas.lt\/pl\/wp-json\/wp\/v2\/pages\/51\/revisions\/105"}],"wp:attachment":[{"href":"https:\/\/grivzas.lt\/pl\/wp-json\/wp\/v2\/media?parent=51"}],"curies":[{"name":"wp","href":"https:\/\/api.w.org\/{rel}","templated":true}]}}